{"id":40,"date":"2010-11-11T20:07:00","date_gmt":"2010-11-11T20:07:00","guid":{"rendered":"http:\/\/esntb.com\/?page_id=40"},"modified":"2011-01-27T14:13:13","modified_gmt":"2011-01-27T14:13:13","slug":"safeguard24","status":"publish","type":"page","link":"https:\/\/esntb.com\/pl\/oferta\/safeguard24","title":{"rendered":"SafeGuard24"},"content":{"rendered":"<p><\/p>\n<p><a class=\"important\" title=\"SafeGuard24\" href=\"\/safeguard24\">SAFEGUARD24<\/a> jest odpowiedzi\u0105 na oczekiwania rynku w zakresie systemu podwy\u017cszaj\u0105cego bezpiecze\u0144stwo oraz umo\u017cliwiaj\u0105cego monitoring przewo\u017conego \u0142adunku. Realne i dok\u0142adnie sprecyzowane zapotrzebowanie przedsi\u0119biorstw transportowych sta\u0142o si\u0119 motywem przewodnim stworzenia prezentowanego systemu, kt\u00f3ry przynosi okre\u015blone, wymierne korzy\u015bci oraz zaspokaja w wielu przypadkach bardzo wysublimowane wymogi dotycz\u0105ce ochrony przewo\u017conego \u0142adunku.<\/p>\n<p><a class=\"important\" title=\"SafeGuard24\" href=\"\/safeguard24\">SAFEGUARD24<\/a> zaprojektowany przez <strong class=\"important\">ESNTB<\/strong> skierowany jest do firm zajmuj\u0105cych si\u0119 przewozem d\u00f3br wymagaj\u0105cych podwy\u017cszonego poziomu kontroli i zabezpieczenia (o wysokim ryzyku kradzie\u017cy) i\/lub produkt\u00f3w, kt\u00f3rych przew\u00f3z musi odbywa\u0107 si\u0119 w \u015bci\u015ble okre\u015blonych warunkach termicznych. Proponowane rozwi\u0105zanie oferuje pe\u0142ne zabezpieczenie i kontrol\u0119 przewo\u017conego mienia oraz bezpiecze\u0144stwo za\u0142ogi obs\u0142uguj\u0105cej transport. Uzupe\u0142nieniem oferty <strong class=\"important\">ESNTB<\/strong> s\u0105 us\u0142ugi \u015bwiadczone przez Centrum Monitorowania <a class=\"important\" title=\"SafeGuard24\" href=\"\/safeguard24\">SAFEGUARD24<\/a>, kt\u00f3re mo\u017ce realizowa\u0107 zdalny nadz\u00f3r nad \u0142adunkiem, a w przypadku zagro\u017cenia bezpo\u015brednio wsp\u00f3\u0142pracuje z wyspecjalizowan\u0105 firm\u0105 ochroniarsk\u0105 dzia\u0142aj\u0105c\u0105 na terenie Europy, policj\u0105, s\u0142u\u017cbami medycznymi oraz drogowymi.<\/p>\n<h3 class=\"important\" >Przeznaczenie systemu<\/h3>\n<p>System niezale\u017cny od ci\u0105gnika, przeznaczony do lokalnego ryglowania, zdalnego odryglowania, nadzoru, globalnego pozycjonowania przestrzeni \u0142adunkowej naczep samochodowych do transportu ci\u0119\u017ckiego. Znajduje zastosowanie w naczepach figurowych, naczepach figurowych z agregatem oraz innych \u015brodkach transportu ci\u0119\u017ckiego lub pomieszczeniach i przestrzeniach o sztywnej zabudowie.<\/p>\n<h3 class=\"important\">Technologia<\/h3>\n<p>Produkty i us\u0142ugi <a class=\"important\" title=\"SafeGuard24\" href=\"\/safeguard24\">SAFEGUARD24<\/a> opracowane zosta\u0142y na podstawie analizy potrzeb zdefiniowanych przez naszych klient\u00f3w oraz przedstawionych nam zdarze\u0144 losowych przy zastosowaniu najnowszych technologii w dziedzinie zabezpieczenia i monitoringu.<\/p>\n<p>Podsystem elektromechaniczny stanowi mechanizm rygluj\u0105cy przestrze\u0144 \u0142adunkow\u0105 sterowany i monitorowany przez g\u0142\u00f3wny modu\u0142 zarz\u0105dzaj\u0105cy b\u0119d\u0105cy elementem podsystemu elektronicznego. Charakteryzuje si\u0119 wysok\u0105 odporno\u015bci\u0105 na pr\u00f3b\u0119 wywa\u017cenia oraz zabezpieczeniem przed otwarciem przez osob\u0119 niepowo\u0142an\u0105.  Wysoka jako\u015b\u0107 wykonania oraz zastosowanie najwy\u017cszej jako\u015bci komponent\u00f3w zapewnia d\u0142ugoterminow\u0105 trwa\u0142o\u015b\u0107 i niezawodno\u015b\u0107. Mechanizm wykonany jest ze stali nierdzewnej. Testy laboratoryjne potwierdzi\u0142y d\u0142ugotrwa\u0142e i niezawodne dzia\u0142anie mechanizmu przez wiele lat.<\/p>\n<p>Podsystem elektroniczny sk\u0142ada si\u0119 z g\u0142\u00f3wnego modu\u0142u zarz\u0105dzaj\u0105cego oraz  modu\u0142u klawiatury dotykowej. G\u0142\u00f3wny modu\u0142 zarz\u0105dzaj\u0105cy jest odpowiedzialny za prac\u0119 wszystkich pozosta\u0142ych element\u00f3w systemu. Podsystem elektroniczny wykorzystuje technologi\u0119 <abbr title=\"Global Positioning System\">GPS<\/abbr> obejmuj\u0105c\u0105 swym zasi\u0119giem ca\u0142\u0105 kul\u0119 ziemsk\u0105 przy wykorzystaniu sygna\u0142u radiowego wysy\u0142anego z 24 satelit\u00f3w oraz GPRS\/SMS dzi\u0119ki kt\u00f3rej jest mo\u017cliwe nawi\u0105zanie \u0142\u0105czno\u015bci i przekazywanie bardzo dok\u0142adnych danych dotycz\u0105cych p\u0142o\u017cenia oraz stan\u00f3w czujnik\u00f3w monitorowanego obiektu.<\/p>\n<p>Oferujemy Pa\u0144stwu system w trzech wersjach: <a class=\"important\" title=\"SafeGuard24\" href=\"\/safeguard24-lokal\">SAFEGUARD24 <strong class=\"sg_loc\">Lokal<\/strong><\/a>, <a class=\"important\" title=\"SafeGuard24\" href=\"\/safeguard24-standard\">SAFEGUARD24 <strong class=\"sg_sta\">Standard<\/strong><\/a> i <a class=\"important\" title=\"SafeGuard24\" href=\"\/safeguard24-premium\">SAFEGUARD24 <strong class=\"sg_pre\">Premium<\/strong><\/a>.<\/p>\n<table id=\"lockguard\">\n<thead>\n<tr>\n<td class=\"first left\">Funkcje<\/td>\n<td><a class=\"important\" title=\"SafeGuard24\" href=\"\/safeguard24-lokal\" style=\"font-size: 12px;\">SAFEGUARD24 <strong class=\"sg_loc\">Lokal<\/strong><\/a><\/td>\n<td><a class=\"important\" title=\"SafeGuard24\" href=\"\/safeguard24-standard\"  style=\"font-size: 12px;\">SAFEGUARD24 <strong class=\"sg_sta\">Standard<\/strong><\/a><\/td>\n<td class=\"last\"><a class=\"important\" title=\"SafeGuard24\" href=\"\/safeguard24-premium\"  style=\"font-size: 12px;\">SAFEGUARD24 <strong class=\"sg_pre\">Premium<\/strong><\/a><\/td>\n<\/tr>\n<\/thead>\n<tbody>\n<tr>\n<td class=\"left\">Stalowy zamek<\/td>\n<td><span class=\"jest\"> <\/span><\/td>\n<td><span class=\"jest\"> <\/span><\/td>\n<td><span class=\"jest\"> <\/span><\/td>\n<\/tr>\n<tr>\n<td class=\"left\">Zdalne otwarcie przestrzeni \u0142adunkowej<\/td>\n<td><span class=\"brak\"> <\/span><\/td>\n<td><span class=\"jest\"> <\/span><\/td>\n<td><span class=\"jest\"> *<\/span><\/td>\n<\/tr>\n<tr>\n<td class=\"left\">Zarz\u0105dzanie przez sms<\/td>\n<td><span class=\"brak\"> <\/span><\/td>\n<td><span class=\"jest\"> <\/span><\/td>\n<td><span class=\"jest\"> <\/span><\/td>\n<\/tr>\n<tr>\n<td class=\"left\">Mo\u017cliwo\u015b\u0107 lokalnego odryglowania zamka<\/td>\n<td><span class=\"jest\"> <\/span><\/td>\n<td><span class=\"jest\"> <\/span><\/td>\n<td><span class=\"jest\"> <\/span><\/td>\n<\/tr>\n<tr>\n<td class=\"left\">Mo\u017cliwo\u015b\u0107 zdefiniowania miejsca docelowego roz\u0142adunku<\/td>\n<td><span class=\"brak\"> <\/span><\/td>\n<td><span class=\"jest\"> <\/span><\/td>\n<td><span class=\"jest\"> <\/span><\/td>\n<\/tr>\n<tr>\n<td class=\"left\">Alerty 24\/7\/365<\/td>\n<td><span class=\"brak\"> <\/span><\/td>\n<td><span class=\"jest\"> <\/span><\/td>\n<td><span class=\"jest\"> <\/span><\/td>\n<\/tr>\n<tr>\n<td class=\"left\">Funkcja ?Panic Button? lub ?duress?<\/td>\n<td><span class=\"jest\"> ***<\/span><\/td>\n<td><span class=\"jest\"> <\/span><\/td>\n<td><span class=\"jest\"> <\/span><\/td>\n<\/tr>\n<tr>\n<td class=\"left\">Informacje o napi\u0119ciu w obwodzie elektrycznym zasilnia systemu<\/td>\n<td><span class=\"brak\"> <\/span><\/td>\n<td><span class=\"jest\"> <\/span><\/td>\n<td><span class=\"jest\"> <\/span><\/td>\n<\/tr>\n<tr>\n<td class=\"left\">Aplikacja internetowa<\/td>\n<td><span class=\"brak\"> <\/span><\/td>\n<td><span class=\"brak\"> <\/span><\/td>\n<td><span class=\"jest\"> <\/span><\/td>\n<\/tr>\n<tr>\n<td class=\"left\">Od\u015bwie\u017canie danych<\/td>\n<td><span class=\"brak\"> <\/span><\/td>\n<td><span class=\"brak\"> <\/span><\/td>\n<td>Od 5 min.<\/td>\n<\/tr>\n<tr>\n<td class=\"left\">Czas przechowywania historii tras<\/td>\n<td><span class=\"brak\"> <\/span><\/td>\n<td><span class=\"brak\"> <\/span><\/td>\n<td>Do 90 dni<\/td>\n<\/tr>\n<tr>\n<td class=\"left\">Funkcja mapy<\/td>\n<td><span class=\"brak\"> <\/span><\/td>\n<td><span class=\"brak\"> <\/span><\/td>\n<td><span class=\"jest\"> <\/span><\/td>\n<\/tr>\n<tr>\n<td class=\"left\">Drukowanie tras<\/td>\n<td><span class=\"brak\"> <\/span><\/td>\n<td><span class=\"brak\"> <\/span><\/td>\n<td><span class=\"jest\"> <\/span><\/td>\n<\/tr>\n<tr>\n<td class=\"left\">Raport szczeg\u00f3\u0142owy tras<\/td>\n<td><span class=\"brak\"> <\/span><\/td>\n<td><span class=\"brak\"> <\/span><\/td>\n<td><span class=\"jest\"> <\/span><\/td>\n<\/tr>\n<tr>\n<td class=\"left\">Raport do Excela<\/td>\n<td><span class=\"brak\"> <\/span><\/td>\n<td><span class=\"brak\"> <\/span><\/td>\n<td><span class=\"jest\"> <\/span><\/td>\n<\/tr>\n<tr>\n<td class=\"left\">Zarz\u0105dzanie uprawnieniami<\/td>\n<td><span class=\"brak\"> <\/span><\/td>\n<td><span class=\"jest\"> **<\/span><\/td>\n<td><span class=\"jest\"> <\/span><\/td>\n<\/tr>\n<tr>\n<td class=\"left\">Monitoring temperatury w naczepie<\/td>\n<td><span class=\"brak\"> <\/span><\/td>\n<td><span class=\"jest\"> **<\/span><\/td>\n<td><span class=\"jest\"> **<\/span><\/td>\n<\/tr>\n<tr>\n<td class=\"left\">Monitoring przeci\u0105\u017ce\u0144 dzia\u0142aj\u0105cych na \u0142adunek<\/td>\n<td><span class=\"brak\"> <\/span><\/td>\n<td><span class=\"jest\"> **<\/span><\/td>\n<td><span class=\"jest\"> **<\/span><\/td>\n<\/tr>\n<tr>\n<td class=\"left\">Alarm akustyczno-optyczny (g\u0142o\u015bny alarm)<\/td>\n<td><span class=\"jest\"> **<\/span><\/td>\n<td><span class=\"jest\"> **<\/span><\/td>\n<td><span class=\"jest\"> **<\/span><\/td>\n<\/tr>\n<\/tbody>\n<tfoot>\n<tr>\n<td class=\"left\" colspan=\"4\">* Otwieranie naczepy za pomoc\u0105 Serwisu Internetowego lub przy pomocy telefonu kom\u00f3rkowego.<br \/>\n** Opcja dodatkowa.<\/td>\n<\/tr>\n<\/tfoot>\n<\/table>\n<p><\/p>","protected":false},"excerpt":{"rendered":"<p>SAFEGUARD24 jest odpowiedzi\u0105 na oczekiwania rynku w zakresie systemu podwy\u017cszaj\u0105cego bezpiecze\u0144stwo oraz umo\u017cliwiaj\u0105cego monitoring przewo\u017conego \u0142adunku. Realne i dok\u0142adnie sprecyzowane zapotrzebowanie przedsi\u0119biorstw transportowych sta\u0142o si\u0119 motywem przewodnim stworzenia prezentowanego systemu, kt\u00f3ry przynosi okre\u015blone, wymierne korzy\u015bci oraz zaspokaja w wielu przypadkach &hellip; <a href=\"https:\/\/esntb.com\/pl\/oferta\/safeguard24\">Czytaj dalej <span class=\"meta-nav\">&rarr;<\/span><\/a><\/p>\n","protected":false},"author":1,"featured_media":0,"parent":8,"menu_order":1,"comment_status":"closed","ping_status":"closed","template":"","meta":{"_monsterinsights_skip_tracking":false,"_monsterinsights_sitenote_active":false,"_monsterinsights_sitenote_note":"","_monsterinsights_sitenote_category":0,"footnotes":""},"class_list":["post-40","page","type-page","status-publish","hentry"],"_links":{"self":[{"href":"https:\/\/esntb.com\/pl\/wp-json\/wp\/v2\/pages\/40","targetHints":{"allow":["GET"]}}],"collection":[{"href":"https:\/\/esntb.com\/pl\/wp-json\/wp\/v2\/pages"}],"about":[{"href":"https:\/\/esntb.com\/pl\/wp-json\/wp\/v2\/types\/page"}],"author":[{"embeddable":true,"href":"https:\/\/esntb.com\/pl\/wp-json\/wp\/v2\/users\/1"}],"replies":[{"embeddable":true,"href":"https:\/\/esntb.com\/pl\/wp-json\/wp\/v2\/comments?post=40"}],"version-history":[{"count":0,"href":"https:\/\/esntb.com\/pl\/wp-json\/wp\/v2\/pages\/40\/revisions"}],"up":[{"embeddable":true,"href":"https:\/\/esntb.com\/pl\/wp-json\/wp\/v2\/pages\/8"}],"wp:attachment":[{"href":"https:\/\/esntb.com\/pl\/wp-json\/wp\/v2\/media?parent=40"}],"curies":[{"name":"wp","href":"https:\/\/api.w.org\/{rel}","templated":true}]}}