{"id":176,"date":"2010-10-06T17:13:42","date_gmt":"2010-10-06T17:13:42","guid":{"rendered":"http:\/\/esntb.com"},"modified":"2010-11-05T22:38:33","modified_gmt":"2010-11-05T22:38:33","slug":"zgloszenie-serwisowe","status":"publish","type":"page","link":"https:\/\/esntb.com\/pl\/kontakt\/zgloszenie-serwisowe","title":{"rendered":"Zg\u0142oszenie serwisowe"},"content":{"rendered":"<p>Korzystaj\u0105c z tego formularza mo\u017cna wys\u0142a\u0107 zg\u0142oszenie awarii.<br \/>\nPola oznaczone gwiazdkami s\u0105 obowi\u0105zkowe<br \/>\nOdpowiemy najszybciej jak to b\u0119dzie mo\u017cliwe.<br \/>\nOdpowied\u017a nast\u0105pi na wskazany adres e-mail <\/p>\n<div class=\"contact-form\">\n\n<div class=\"wpcf7 no-js\" id=\"wpcf7-f526-o1\" lang=\"\" dir=\"ltr\" data-wpcf7-id=\"526\">\n<div class=\"screen-reader-response\"><p role=\"status\" aria-live=\"polite\" aria-atomic=\"true\"><\/p> <ul><\/ul><\/div>\n<form action=\"\/pl\/wp-json\/wp\/v2\/pages\/176#wpcf7-f526-o1\" method=\"post\" class=\"wpcf7-form init\" aria-label=\"Formularz kontaktowy\" novalidate=\"novalidate\" data-status=\"init\">\n<fieldset class=\"hidden-fields-container\"><input type=\"hidden\" name=\"_wpcf7\" value=\"526\" \/><input type=\"hidden\" name=\"_wpcf7_version\" value=\"6.1\" \/><input type=\"hidden\" name=\"_wpcf7_locale\" value=\"\" \/><input type=\"hidden\" name=\"_wpcf7_unit_tag\" value=\"wpcf7-f526-o1\" \/><input type=\"hidden\" name=\"_wpcf7_container_post\" value=\"0\" \/><input type=\"hidden\" name=\"_wpcf7_posted_data_hash\" value=\"\" \/>\n<\/fieldset>\n<div class=\"formularz\">\n\t<div class=\"dt h\">\n\t\t<p>Zg\u0142aszaj\u0105cy\n\t\t<\/p>\n\t<\/div>\n\t<div class=\"dt\">\n\t\t<p>Nazwa firmy *\n\t\t<\/p>\n\t<\/div>\n\t<div class=\"dd\">\n\t\t<p><span class=\"wpcf7-form-control-wrap\" data-name=\"nazwa_firmy\"><input size=\"40\" maxlength=\"400\" class=\"wpcf7-form-control wpcf7-text wpcf7-validates-as-required\" aria-required=\"true\" aria-invalid=\"false\" value=\"\" type=\"text\" name=\"nazwa_firmy\" \/><\/span>\n\t\t<\/p>\n\t<\/div>\n\t<div class=\"dt\">\n\t\t<p>Adres (ulica\/nr) *\n\t\t<\/p>\n\t<\/div>\n\t<div class=\"dd\">\n\t\t<p><span class=\"wpcf7-form-control-wrap\" data-name=\"adres\"><input size=\"40\" maxlength=\"400\" class=\"wpcf7-form-control wpcf7-text wpcf7-validates-as-required\" aria-required=\"true\" aria-invalid=\"false\" value=\"\" type=\"text\" name=\"adres\" \/><\/span>\n\t\t<\/p>\n\t<\/div>\n\t<div class=\"dt\">\n\t\t<p>Miasto *\n\t\t<\/p>\n\t<\/div>\n\t<div class=\"dd\">\n\t\t<p><span class=\"wpcf7-form-control-wrap\" data-name=\"miasto\"><input size=\"40\" maxlength=\"400\" class=\"wpcf7-form-control wpcf7-text wpcf7-validates-as-required\" aria-required=\"true\" aria-invalid=\"false\" value=\"\" type=\"text\" name=\"miasto\" \/><\/span>\n\t\t<\/p>\n\t<\/div>\n\t<div class=\"dt\">\n\t\t<p>Kod pocztowy *\n\t\t<\/p>\n\t<\/div>\n\t<div class=\"dd\">\n\t\t<p><span class=\"wpcf7-form-control-wrap\" data-name=\"kod_pocztowy\"><input size=\"40\" maxlength=\"400\" class=\"wpcf7-form-control wpcf7-text wpcf7-validates-as-required\" aria-required=\"true\" aria-invalid=\"false\" value=\"\" type=\"text\" name=\"kod_pocztowy\" \/><\/span>\n\t\t<\/p>\n\t<\/div>\n\t<div class=\"dt\">\n\t\t<p>Imi\u0119 i nazwisko *\n\t\t<\/p>\n\t<\/div>\n\t<div class=\"dd\">\n\t\t<p><span class=\"wpcf7-form-control-wrap\" data-name=\"imie_nazwisko\"><input size=\"40\" maxlength=\"400\" class=\"wpcf7-form-control wpcf7-text wpcf7-validates-as-required\" aria-required=\"true\" aria-invalid=\"false\" value=\"\" type=\"text\" name=\"imie_nazwisko\" \/><\/span>\n\t\t<\/p>\n\t<\/div>\n\t<div class=\"dt\">\n\t\t<p>Telefon *<small>z numerem kierunkowym<\/small>\n\t\t<\/p>\n\t<\/div>\n\t<div class=\"dd\">\n\t\t<p><span class=\"wpcf7-form-control-wrap\" data-name=\"telefon\"><input size=\"40\" maxlength=\"400\" class=\"wpcf7-form-control wpcf7-text wpcf7-validates-as-required\" aria-required=\"true\" aria-invalid=\"false\" value=\"\" type=\"text\" name=\"telefon\" \/><\/span>\n\t\t<\/p>\n\t<\/div>\n\t<div class=\"dt\">\n\t\t<p>E-mail *\n\t\t<\/p>\n\t<\/div>\n\t<div class=\"dd\">\n\t\t<p><span class=\"wpcf7-form-control-wrap\" data-name=\"email\"><input size=\"40\" maxlength=\"400\" class=\"wpcf7-form-control wpcf7-email wpcf7-validates-as-required wpcf7-text wpcf7-validates-as-email\" aria-required=\"true\" aria-invalid=\"false\" value=\"\" type=\"email\" name=\"email\" \/><\/span>\n\t\t<\/p>\n\t<\/div>\n\t<div class=\"dt long\">\n\t\t<p>Czy adres do kontaktu jest inny ni\u017c powy\u017cszy ?\n\t\t<\/p>\n\t<\/div>\n\t<div class=\"dd short\">\n\t\t<p><span class=\"wpcf7-form-control-wrap\" data-name=\"radio_adres_kontaktu\"><span class=\"wpcf7-form-control wpcf7-radio\" id=\"radio_adres_kontaktu\"><span class=\"wpcf7-list-item first\"><label><input type=\"radio\" name=\"radio_adres_kontaktu\" value=\"Tak\" \/><span class=\"wpcf7-list-item-label\">Tak<\/span><\/label><\/span><span class=\"wpcf7-list-item last\"><label><input type=\"radio\" name=\"radio_adres_kontaktu\" value=\"Nie\" checked=\"checked\" \/><span class=\"wpcf7-list-item-label\">Nie<\/span><\/label><\/span><\/span><\/span>\n\t\t<\/p>\n\t<\/div>\n\t<div id=\"inne_dane_kontaktowe\">\n\t\t<div class=\"dt\">\n\t\t\t<p>Nazwa firmy\n\t\t\t<\/p>\n\t\t<\/div>\n\t\t<div class=\"dd\">\n\t\t\t<p><span class=\"wpcf7-form-control-wrap\" data-name=\"nazwa_firmy_new\"><input size=\"40\" maxlength=\"400\" class=\"wpcf7-form-control wpcf7-text\" aria-invalid=\"false\" value=\"\" type=\"text\" name=\"nazwa_firmy_new\" \/><\/span>\n\t\t\t<\/p>\n\t\t<\/div>\n\t\t<div class=\"dt\">\n\t\t\t<p>Adres (ulica\/nr)\n\t\t\t<\/p>\n\t\t<\/div>\n\t\t<div class=\"dd\">\n\t\t\t<p><span class=\"wpcf7-form-control-wrap\" data-name=\"adres_new\"><input size=\"40\" maxlength=\"400\" class=\"wpcf7-form-control wpcf7-text\" aria-invalid=\"false\" value=\"\" type=\"text\" name=\"adres_new\" \/><\/span>\n\t\t\t<\/p>\n\t\t<\/div>\n\t\t<div class=\"dt\">\n\t\t\t<p>Miasto\n\t\t\t<\/p>\n\t\t<\/div>\n\t\t<div class=\"dd\">\n\t\t\t<p><span class=\"wpcf7-form-control-wrap\" data-name=\"miasto_new\"><input size=\"40\" maxlength=\"400\" class=\"wpcf7-form-control wpcf7-text\" aria-invalid=\"false\" value=\"\" type=\"text\" name=\"miasto_new\" \/><\/span>\n\t\t\t<\/p>\n\t\t<\/div>\n\t\t<div class=\"dt\">\n\t\t\t<p>Kod pocztowy\n\t\t\t<\/p>\n\t\t<\/div>\n\t\t<div class=\"dd\">\n\t\t\t<p><span class=\"wpcf7-form-control-wrap\" data-name=\"kod_pocztowy_new\"><input size=\"40\" maxlength=\"400\" class=\"wpcf7-form-control wpcf7-text\" aria-invalid=\"false\" value=\"\" type=\"text\" name=\"kod_pocztowy_new\" \/><\/span>\n\t\t\t<\/p>\n\t\t<\/div>\n\t\t<div class=\"dt\">\n\t\t\t<p>Imi\u0119 i nazwisko\n\t\t\t<\/p>\n\t\t<\/div>\n\t\t<div class=\"dd\">\n\t\t\t<p><span class=\"wpcf7-form-control-wrap\" data-name=\"imie_nazwisko_new\"><input size=\"40\" maxlength=\"400\" class=\"wpcf7-form-control wpcf7-text\" aria-invalid=\"false\" value=\"\" type=\"text\" name=\"imie_nazwisko_new\" \/><\/span>\n\t\t\t<\/p>\n\t\t<\/div>\n\t\t<div class=\"dt\">\n\t\t\t<p>Telefon <small>z numerem kierunkowym<\/small>\n\t\t\t<\/p>\n\t\t<\/div>\n\t\t<div class=\"dd\">\n\t\t\t<p><span class=\"wpcf7-form-control-wrap\" data-name=\"telefon_new\"><input size=\"40\" maxlength=\"400\" class=\"wpcf7-form-control wpcf7-text\" aria-invalid=\"false\" value=\"\" type=\"text\" name=\"telefon_new\" \/><\/span>\n\t\t\t<\/p>\n\t\t<\/div>\n\t\t<div class=\"dt\">\n\t\t\t<p>E-mail\n\t\t\t<\/p>\n\t\t<\/div>\n\t\t<div class=\"dd\">\n\t\t\t<p><span class=\"wpcf7-form-control-wrap\" data-name=\"email_new\"><input size=\"40\" maxlength=\"400\" class=\"wpcf7-form-control wpcf7-email wpcf7-text wpcf7-validates-as-email\" aria-invalid=\"false\" value=\"\" type=\"email\" name=\"email_new\" \/><\/span>\n\t\t\t<\/p>\n\t\t<\/div>\n\t<\/div>\n\t<div class=\"dt h\">\n\t\t<p>Sprz\u0119t\n\t\t<\/p>\n\t<\/div>\n\t<div class=\"dt\">\n\t\t<p>Produkt *\n\t\t<\/p>\n\t<\/div>\n\t<div class=\"dd\">\n\t\t<p><span class=\"wpcf7-form-control-wrap\" data-name=\"produkt\"><input size=\"40\" maxlength=\"400\" class=\"wpcf7-form-control wpcf7-text wpcf7-validates-as-required\" aria-required=\"true\" aria-invalid=\"false\" value=\"\" type=\"text\" name=\"produkt\" \/><\/span>\n\t\t<\/p>\n\t<\/div>\n\t<div class=\"dt\">\n\t\t<p>Numer seryjny *\n\t\t<\/p>\n\t<\/div>\n\t<div class=\"dd\">\n\t\t<p><span class=\"wpcf7-form-control-wrap\" data-name=\"numer_seryjny\"><input size=\"40\" maxlength=\"400\" class=\"wpcf7-form-control wpcf7-text wpcf7-validates-as-required\" aria-required=\"true\" aria-invalid=\"false\" value=\"\" type=\"text\" name=\"numer_seryjny\" \/><\/span>\n\t\t<\/p>\n\t<\/div>\n\t<div class=\"dt\">\n\t\t<p>Data\/Nr gwarancji\n\t\t<\/p>\n\t<\/div>\n\t<div class=\"dd\">\n\t\t<p><span class=\"wpcf7-form-control-wrap\" data-name=\"data_nr_gwarancji\"><input size=\"40\" maxlength=\"400\" class=\"wpcf7-form-control wpcf7-text\" aria-invalid=\"false\" value=\"\" type=\"text\" name=\"data_nr_gwarancji\" \/><\/span>\n\t\t<\/p>\n\t<\/div>\n\t<div class=\"dt\">\n\t\t<p>Uwagi\n\t\t<\/p>\n\t<\/div>\n\t<div class=\"dd\">\n\t\t<p><span class=\"wpcf7-form-control-wrap\" data-name=\"uwagi\"><textarea cols=\"40\" rows=\"10\" maxlength=\"2000\" class=\"wpcf7-form-control wpcf7-textarea\" aria-invalid=\"false\" name=\"uwagi\"><\/textarea><\/span>\n\t\t<\/p>\n\t<\/div>\n\t<div class=\"dt h\">\n\t\t<p>Uszkodzenie\n\t\t<\/p>\n\t<\/div>\n\t<div class=\"dt\">\n\t\t<p>Opis *\n\t\t<\/p>\n\t<\/div>\n\t<div class=\"dd\">\n\t\t<p><span class=\"wpcf7-form-control-wrap\" data-name=\"opis\"><textarea cols=\"40\" rows=\"10\" maxlength=\"2000\" class=\"wpcf7-form-control wpcf7-textarea wpcf7-validates-as-required\" aria-required=\"true\" aria-invalid=\"false\" name=\"opis\"><\/textarea><\/span>\n\t\t<\/p>\n\t<\/div>\n\t<div class=\"dt\">\n\t\t<p>Czy ponowna awaria *\n\t\t<\/p>\n\t<\/div>\n\t<div class=\"dd\">\n\t\t<p><span class=\"wpcf7-form-control-wrap\" data-name=\"ponowna_awaria\"><span class=\"wpcf7-form-control wpcf7-radio\"><span class=\"wpcf7-list-item first\"><label><input type=\"radio\" name=\"ponowna_awaria\" value=\"Tak\" \/><span class=\"wpcf7-list-item-label\">Tak<\/span><\/label><\/span><span class=\"wpcf7-list-item last\"><label><input type=\"radio\" name=\"ponowna_awaria\" value=\"Nie\" checked=\"checked\" \/><span class=\"wpcf7-list-item-label\">Nie<\/span><\/label><\/span><\/span><\/span>\n\t\t<\/p>\n\t<\/div>\n\t<div class=\"dt\">\n\t\t<p>Przepisz kod z obrazka\n\t\t<\/p>\n\t<\/div>\n\t<div class=\"dd\">\n\t\t<p><input type=\"hidden\" name=\"_wpcf7_captcha_challenge_captcha-212\" value=\"1146891393\" \/><img loading=\"lazy\" decoding=\"async\" class=\"wpcf7-form-control wpcf7-captchac wpcf7-captcha-captcha-212\" width=\"72\" height=\"24\" alt=\"captcha\" src=\"https:\/\/esntb.com\/wp-content\/uploads\/wpcf7_captcha\/1146891393.png\" \/><span class=\"wpcf7-form-control-wrap\" data-name=\"captcha-212\"><input size=\"40\" class=\"wpcf7-form-control wpcf7-captchar\" autocomplete=\"off\" aria-invalid=\"false\" value=\"\" type=\"text\" name=\"captcha-212\" \/><\/span>\n\t\t<\/p>\n\t<\/div>\n\t<div class=\"dt\">\n\t\t<p><input class=\"wpcf7-form-control wpcf7-submit has-spinner\" type=\"submit\" value=\"Wy\u015blij\" \/>\n\t\t<\/p>\n\t<\/div>\n<\/div><div class=\"wpcf7-response-output\" aria-hidden=\"true\"><\/div>\n<\/form>\n<\/div>\n\n<\/div>\n<p><script type=\"text\/javascript\">\njQuery(document).ready(function(){\n    jQuery('#radio_adres_kontaktu').change(function(){\n        if (jQuery(this).find(':checked').val() == 'Tak'){\n            jQuery('#inne_dane_kontaktowe').slideDown();\n        }else{\n            jQuery('#inne_dane_kontaktowe').slideUp();\n        }\n    });\n});\n<\/script><\/p>","protected":false},"excerpt":{"rendered":"<p>Korzystaj\u0105c z tego formularza mo\u017cna wys\u0142a\u0107 zg\u0142oszenie awarii. Pola oznaczone gwiazdkami s\u0105 obowi\u0105zkowe Odpowiemy najszybciej jak to b\u0119dzie mo\u017cliwe. Odpowied\u017a nast\u0105pi na wskazany adres e-mail<\/p>\n","protected":false},"author":1,"featured_media":0,"parent":12,"menu_order":1,"comment_status":"closed","ping_status":"closed","template":"","meta":{"_monsterinsights_skip_tracking":false,"_monsterinsights_sitenote_active":false,"_monsterinsights_sitenote_note":"","_monsterinsights_sitenote_category":0,"footnotes":""},"class_list":["post-176","page","type-page","status-publish","hentry"],"_links":{"self":[{"href":"https:\/\/esntb.com\/pl\/wp-json\/wp\/v2\/pages\/176","targetHints":{"allow":["GET"]}}],"collection":[{"href":"https:\/\/esntb.com\/pl\/wp-json\/wp\/v2\/pages"}],"about":[{"href":"https:\/\/esntb.com\/pl\/wp-json\/wp\/v2\/types\/page"}],"author":[{"embeddable":true,"href":"https:\/\/esntb.com\/pl\/wp-json\/wp\/v2\/users\/1"}],"replies":[{"embeddable":true,"href":"https:\/\/esntb.com\/pl\/wp-json\/wp\/v2\/comments?post=176"}],"version-history":[{"count":0,"href":"https:\/\/esntb.com\/pl\/wp-json\/wp\/v2\/pages\/176\/revisions"}],"up":[{"embeddable":true,"href":"https:\/\/esntb.com\/pl\/wp-json\/wp\/v2\/pages\/12"}],"wp:attachment":[{"href":"https:\/\/esntb.com\/pl\/wp-json\/wp\/v2\/media?parent=176"}],"curies":[{"name":"wp","href":"https:\/\/api.w.org\/{rel}","templated":true}]}}