{"id":148,"date":"2010-10-06T16:17:14","date_gmt":"2010-10-06T16:17:14","guid":{"rendered":"http:\/\/esntb.com"},"modified":"2011-01-24T17:18:00","modified_gmt":"2011-01-24T17:18:00","slug":"referencje","status":"publish","type":"page","link":"https:\/\/esntb.com\/pl\/firma\/referencje","title":{"rendered":"Referencje"},"content":{"rendered":"<p>Nasi Klienci docenili nasze starania.<\/p>\n<p>Firma <strong>Mark-Trans-Sped Marek Jakubowski<\/strong> ochrania przewo\u017cone \u0142adunki z u\u017cyciem systemu <a class=\"important\" title=\"SafeGuard24\" href=\"\/safeguard24\">SAFEGUARD24<\/a>.<\/p>\n<p><a href=\"http:\/\/esntb.com\/wp-content\/uploads\/2010\/10\/rekomendacja-MARK-TRANS-SPED.jpg\"><img loading=\"lazy\" decoding=\"async\" class=\"aligncenter size-medium wp-image-281\" title=\"Rekomendacja MARK-TRANS-SPED\" src=\"http:\/\/esntb.com\/wp-content\/uploads\/2010\/10\/rekomendacja-MARK-TRANS-SPED-222x300.jpg\" alt=\"\" width=\"222\" height=\"300\" rel=\"fancybox\" srcset=\"https:\/\/esntb.com\/wp-content\/uploads\/2010\/10\/rekomendacja-MARK-TRANS-SPED-222x300.jpg 222w, https:\/\/esntb.com\/wp-content\/uploads\/2010\/10\/rekomendacja-MARK-TRANS-SPED-757x1024.jpg 757w, https:\/\/esntb.com\/wp-content\/uploads\/2010\/10\/rekomendacja-MARK-TRANS-SPED.jpg 1219w\" sizes=\"auto, (max-width: 222px) 100vw, 222px\" \/><\/a><\/p>","protected":false},"excerpt":{"rendered":"<p>Nasi Klienci docenili nasze starania. Firma Mark-Trans-Sped Marek Jakubowski ochrania przewo\u017cone \u0142adunki z u\u017cyciem systemu SAFEGUARD24.<\/p>\n","protected":false},"author":1,"featured_media":0,"parent":146,"menu_order":2,"comment_status":"closed","ping_status":"closed","template":"","meta":{"_monsterinsights_skip_tracking":false,"_monsterinsights_sitenote_active":false,"_monsterinsights_sitenote_note":"","_monsterinsights_sitenote_category":0,"footnotes":""},"class_list":["post-148","page","type-page","status-publish","hentry"],"_links":{"self":[{"href":"https:\/\/esntb.com\/pl\/wp-json\/wp\/v2\/pages\/148","targetHints":{"allow":["GET"]}}],"collection":[{"href":"https:\/\/esntb.com\/pl\/wp-json\/wp\/v2\/pages"}],"about":[{"href":"https:\/\/esntb.com\/pl\/wp-json\/wp\/v2\/types\/page"}],"author":[{"embeddable":true,"href":"https:\/\/esntb.com\/pl\/wp-json\/wp\/v2\/users\/1"}],"replies":[{"embeddable":true,"href":"https:\/\/esntb.com\/pl\/wp-json\/wp\/v2\/comments?post=148"}],"version-history":[{"count":0,"href":"https:\/\/esntb.com\/pl\/wp-json\/wp\/v2\/pages\/148\/revisions"}],"up":[{"embeddable":true,"href":"https:\/\/esntb.com\/pl\/wp-json\/wp\/v2\/pages\/146"}],"wp:attachment":[{"href":"https:\/\/esntb.com\/pl\/wp-json\/wp\/v2\/media?parent=148"}],"curies":[{"name":"wp","href":"https:\/\/api.w.org\/{rel}","templated":true}]}}